{"id":9,"date":"2017-03-13T15:33:34","date_gmt":"2017-03-13T15:33:34","guid":{"rendered":"http:\/\/wp.soliconcuba-heidelberg.de\/?page_id=9"},"modified":"2025-10-09T17:06:11","modified_gmt":"2025-10-09T16:06:11","slug":"bacardi-der-bittere-nachgeschmack","status":"publish","type":"page","link":"https:\/\/www.soliconcuba-heidelberg.de\/?page_id=9","title":{"rendered":"BACARDI &#8211; DER BITTERE NACHGESCHMACK"},"content":{"rendered":"<p><span style=\"font-size: small;\"><span style=\"font-family: helvetica; font-size: small;\">Bacardi? Manche sagen, das Getr\u00e4nk k\u00e4me aus Puerto Rico, andere meinen von den Bahamas. Mit einer betr\u00fcgerischen Werbekampagne wird nun auch noch vorgegaukelt, es handele sich um ein kubanisches Produkt.<\/span><\/span><\/p>\n<p>Der Name Bacardi ist tats\u00e4chlich in den Bahamas registriert, doch der Rum ist vaterlandslos. Es ist eine der wenigen Spirituosen, deren Herkunft nicht klar definiert werden kann. Gerade aber die Herkunft ist wichtig f\u00fcr die Bestimmung der Qualit\u00e4t von Rum. Die Rohrzuckermelasse, Grundlage und Seele eines jeden Rums kommt aus verschiedenen Regionen der Karibik und des amerikanischen Festlandes.<\/p>\n<p align=\"justify\">H\u00e4ufig lesen wir in den Medien Berichte \u00fcber die unmoralische Politik von SHELL, TEXACO oder NESTLE aber an der Integrit\u00e4t von Bacardi, des gr\u00f6\u00dften Rumproduzenten in der Welt, scheint niemand zu zweifeln.<\/p>\n<p align=\"justify\">Bacardi wurde 1862 in Santiago de Cuba gegr\u00fcndet. Die ersten Schritte zur Schaffung des Imperiums wurden zu Zeiten der Prohibition in den USA (1914-1933) getan, als Bacardi riesige Mengen von Spirituosen an die Schmugglermafia der Cosa Nostra verkaufte. Die Verbindungen zwischen diesen Gesch\u00e4ftspartnern hielten viele Jahre und waren nicht nur kommerzieller Art. Wenige Jahre nach Beendigung der Prohibition verlegte das Unternehmen seine wichtigsten Brennereien und Abf\u00fcllfabriken nach Mexiko und Puerto Rico. 1993 zahlte Bacardi eine astronomische Summe f\u00fcr den Kauf der italienischen Marke Martini-Rossi. Bacardi-Martini Ltd. wurde geschaffen.<\/p>\n<p align=\"justify\">Doch die Geschichte Bacardis hat auch eine andere Seite:<br \/>\n1958, ein Jahr vor dem Sieg der kubanischen Revolution verl\u00e4\u00dft Bacardi &#8222;offiziell&#8220; Kuba und l\u00e4\u00dft seine Marke weltweit als Produkt der Bahamas registrieren. Der Name Kuba wurde nur noch f\u00fcr die Geschichte des Unternehmens und als Referenz f\u00fcr guten Rum genutzt. Schlie\u00dflich ist Kuba ein unverwechselbarer Standort f\u00fcr den wichtigsten Rohstoff des Rums, den Rohrzucker.<\/p>\n<p align=\"justify\">Als in Kuba 1962 Bacardi und andere einheimische und ausl\u00e4ndische Unternehmen nationalisiert wurden, verlie\u00dfen fast alle Mitglieder des Bacardi-Clans die Insel f\u00fcr immer. In den USA begannen sie unverz\u00fcglich, antikubanische, terroristische Organisationen zu bilden. Diese Organisationen erhielten Anleitung von der CIA und wurden von Bacardi finanziert. Eine dieser Organisationen, die Kubanische Vertretung im Exil, RECE, war direkt von Bacardi gegr\u00fcndet und finanziert worden. Von Beginn an waren bekannte Terroristen aktive Mitglieder der RECE. Bacardi und die CIA hatten die Absicht, mit Hilfe der RECE einen zweiten Invasionsversuch auf Kuba zu organisieren.<\/p>\n<p align=\"justify\">Aus Geheimdokumenten der US-Regierung, die vor allem im Zusammenhang mit den Untersuchungen des Mordes gegen Pr\u00e4sidenten Kennedy entschl\u00fcsselt wurden, wird ersichtlich, dass der damalige Chef von Bacardi, Jos\u00e9 Pepin Bosh, Mordanschl\u00e4ge gegen Che Guevara, Fidel Castro und Raul Castro finanzierte, die s\u00e4mtlich von der CIA organisiert wurden.<\/p>\n<p align=\"justify\">Als 1981 der nationale Sicherheitsrat von Ronald Reagan die Kubanisch-Amerikanische Nationalstiftung (FNCA) bildete, wurden f\u00fchrende Manager und Aktion\u00e4re Bacardis Mitglieder des Leitungsgremiums oder unterst\u00fctzen sie mit Geld. Sie sind auch die Hauptverantwortlichen f\u00fcr alle Aktionen, die von der Stiftung gegen Kuba durchgef\u00fchrt worden sind. Doch es handelt sich nicht nur um Aktionen gegen Kuba. Schlie\u00dflich wurde die Stiftung zur Unterst\u00fctzung der US-Au\u00dfenpolitik geschaffen. Offen und verdeckt beteiligte sie sich z.B. aktiv an der Hilfe f\u00fcr die Contras in Nicaragua und unterst\u00fctzte finanziell Savimbi, den Terroristenf\u00fchrer der UNITA in Angola. Durch ihr Handeln oder durch Unterlassen sind f\u00fchrende Manager und Aktion\u00e4re Bacardis verantwortlich f\u00fcr die kriminellen Attentate, die 1997 gegen Tourismuseinrichtungen Kubas ver\u00fcbt wurden.<\/p>\n<p align=\"justify\">Die letzten Jahre der Geschichte Bacardis sind voll von politischen und kommerziellen Handlungen, die das Ziel haben, die Souver\u00e4nit\u00e4t Kubas zu verletzen und das Leben seines Volkes anzugreifen. Dabei wird vor Aktionen, die gegen das Internationale Handelsrecht versto\u00dfen, nicht zur\u00fcckgeschreckt. Die bedeutendste Machenschaft ist zweifelsohne die Ausarbeitung des sogenannten Helms-Burton-Gesetzes durch f\u00fchrende Rechtsanw\u00e4lte Bacardis. Geleitet wurde die Arbeitsgruppe von Otto Reich, der f\u00fcr den jetzigen Pr\u00e4sidenten Bush als einer der Verantwortlichen f\u00fcr die US-Au\u00dfenpolitik in Lateinamerika und der Karibik t\u00e4tig ist.<\/p>\n<p align=\"justify\">1993 unterzeichnete die kubanische Gesellschaft &#8222;Havana Rhum and Licors&#8220; und das franz\u00f6sische Unternehmen Pernod-Ricard an Abkommen \u00fcber die internationale Kommerzialisierung des Rum &#8222;Havana Club&#8220;, ein f\u00fcr Bacardi gef\u00e4hrlicher Konkurrent. Bacardi war klar, dass der Erfolg dieses Rum in seinem hundertprozentigem kubanischen Ursprung begr\u00fcndet ist und begann mit einer gigantischen weltweiten Werbekampagne. Die Botschaft der Werbung war so gestaltet, dass sie dem Verbraucher den Eindruck vermittelte, sie kauften ein authentisch kubanisches Produkt. Eine der Handlungen, die gegen das Internationale Handelsrecht und gegen Recht geistiger Urheberschaft versto\u00dfen, unternahm Bacardi als es 1996 einen Rum mit der Bezeichnung &#8222;Havana Club&#8220; auf den USA-Markt herausbrachte. Die Holding Havana Club International klagte Bacardi daraufhin wegen Betrugs, Raub eines Markenzeichens und T\u00e4uschung des Verbraucher an. \u00dcberraschenderweise gaben die nordamerikanischen Gerichtsorgane bis zur h\u00f6chsten Instanz Bacardi Recht.<\/p>\n<p align=\"justify\"><i><span style=\"color: #800000;\">Wenn Du Bacardi-Rum kaufst, solltest du wissen, dass es kein Kubanischer Rum ist. Du finanzierst mit deinem Geld so den Terror und die Blockade gegen Kuba.<\/span><\/i><\/p>\n<p align=\"CENTER\"><span style=\"font-size: x-large;\"><b><em>BOYKOTTIERT BACARDI !<\/em><\/b><\/span><\/p>\n<p>&nbsp;<\/p>\n","protected":false},"excerpt":{"rendered":"<p>Bacardi? Manche sagen, das Getr\u00e4nk k\u00e4me aus Puerto Rico, andere meinen von den Bahamas. Mit einer betr\u00fcgerischen Werbekampagne wird nun auch noch vorgegaukelt, es handele sich um ein kubanisches Produkt. Der Name Bacardi ist tats\u00e4chlich in den Bahamas registriert, doch der Rum ist vaterlandslos. Es ist eine der wenigen Spirituosen, deren Herkunft nicht klar definiert &hellip; <\/p>\n<p class=\"link-more\"><a href=\"https:\/\/www.soliconcuba-heidelberg.de\/?page_id=9\" class=\"more-link\"><span class=\"screen-reader-text\">\u201eBACARDI &#8211; DER BITTERE NACHGESCHMACK\u201c<\/span> weiterlesen<\/a><\/p>\n","protected":false},"author":1,"featured_media":0,"parent":0,"menu_order":0,"comment_status":"closed","ping_status":"closed","template":"","meta":{"inline_featured_image":false,"footnotes":""},"class_list":["post-9","page","type-page","status-publish","hentry"],"_links":{"self":[{"href":"https:\/\/www.soliconcuba-heidelberg.de\/index.php?rest_route=\/wp\/v2\/pages\/9","targetHints":{"allow":["GET"]}}],"collection":[{"href":"https:\/\/www.soliconcuba-heidelberg.de\/index.php?rest_route=\/wp\/v2\/pages"}],"about":[{"href":"https:\/\/www.soliconcuba-heidelberg.de\/index.php?rest_route=\/wp\/v2\/types\/page"}],"author":[{"embeddable":true,"href":"https:\/\/www.soliconcuba-heidelberg.de\/index.php?rest_route=\/wp\/v2\/users\/1"}],"replies":[{"embeddable":true,"href":"https:\/\/www.soliconcuba-heidelberg.de\/index.php?rest_route=%2Fwp%2Fv2%2Fcomments&post=9"}],"version-history":[{"count":3,"href":"https:\/\/www.soliconcuba-heidelberg.de\/index.php?rest_route=\/wp\/v2\/pages\/9\/revisions"}],"predecessor-version":[{"id":373,"href":"https:\/\/www.soliconcuba-heidelberg.de\/index.php?rest_route=\/wp\/v2\/pages\/9\/revisions\/373"}],"wp:attachment":[{"href":"https:\/\/www.soliconcuba-heidelberg.de\/index.php?rest_route=%2Fwp%2Fv2%2Fmedia&parent=9"}],"curies":[{"name":"wp","href":"https:\/\/api.w.org\/{rel}","templated":true}]}}