{"id":24,"date":"2017-03-13T17:35:22","date_gmt":"2017-03-13T16:35:22","guid":{"rendered":"http:\/\/wp.soliconcuba-heidelberg.de\/?page_id=24"},"modified":"2025-10-09T17:03:41","modified_gmt":"2025-10-09T16:03:41","slug":"solidaridad-con-cuba-heidelberg-e-v","status":"publish","type":"page","link":"https:\/\/www.soliconcuba-heidelberg.de\/?page_id=24","title":{"rendered":"Solidaridad con CUBA Heidelberg"},"content":{"rendered":"<p align=\"JUSTIFY\"><span style=\"font-family: helvetica;\"><span style=\"font-size: small;\">Cuba hat viele Freunde in der Welt, vor allem in Mittel- und S\u00fcdamerika,wo die arme Bev\u00f6lkerung gezwungen ist, ihre eigenen Erfahrungen mit der freien Marktwirtschaft zu machen. Doch auch in Deutschland haben sich zahlreiche Initiativen der Solidarit\u00e4t mit Cuba gebildet.<\/span><\/span><\/p>\n<p align=\"JUSTIFY\"><span style=\"font-family: helvetica;\"><span style=\"font-size: small;\"><br \/>\n<img loading=\"lazy\" decoding=\"async\" class=\"size-medium wp-image-101 alignleft\" src=\"http:\/\/www.soliconcuba-heidelberg.de\/wp-content\/uploads\/2017\/03\/krankenhaus1-300x197.jpg\" alt=\"\" width=\"300\" height=\"197\" srcset=\"https:\/\/www.soliconcuba-heidelberg.de\/wp-content\/uploads\/2017\/03\/krankenhaus1-300x197.jpg 300w, https:\/\/www.soliconcuba-heidelberg.de\/wp-content\/uploads\/2017\/03\/krankenhaus1.jpg 596w\" sizes=\"auto, (max-width: 300px) 100vw, 300px\" \/>Eine davon ist die <\/span><\/span><span style=\"font-family: helvetica;\"><span style=\"font-size: medium;\"><b>Solidaridad con Cuba Heidelberg<\/b><\/span><\/span><span style=\"font-family: helvetica;\"><span style=\"font-size: small;\">\u00a0die sich bem\u00fcht, Unterst\u00fctzung f\u00fcr Cuba zu organisieren, u.a. indem sie Geld f\u00fcr dringend ben\u00f6tigte Medikamente und f\u00fcr gemeinn\u00fctzige Projekte sammelt, die den Cubanern auch Hilfe zur Selbsthilfe bieten. Eines davon ist die Unterst\u00fctzung der gr\u00f6\u00dften Kinderklinik <\/span><\/span><a href=\"http:\/\/wp.soliconcuba-heidelberg.de\/?page_id=16\"><span style=\"font-family: helvetica;\"><span style=\"font-size: small;\"><b>Pedro Borr\u00e1s<\/b><\/span><\/span><\/a><span style=\"font-family: helvetica;\"><span style=\"font-size: small;\"> sowie der zentralen Krebsklinik in Havanna. Wir besorgen Medikamente, medizinisches Verbrauchsmaterial und Ger\u00e4te, die von den Partnerkliniken dringend ben\u00f6tigt werden. Hierdurch m\u00f6chten wir einen Beitrag zur Unterst\u00fctzung des cubanischen Gesundheitswesen leisten, dessen Errungenschaften (z.B. fl\u00e4chendeckende Versorgung mit \u00c4rzten, kostenlose medizinische Behandlung f\u00fcr alle Cubaner) durch die schwierige Versorgungslage in Gefahr geraten sind.<\/span><\/span><\/p>\n<p align=\"JUSTIFY\"><span style=\"font-family: helvetica;\"><span style=\"font-size: small;\"><br \/>\n<img loading=\"lazy\" decoding=\"async\" class=\"size-medium wp-image-102 alignleft\" src=\"http:\/\/www.soliconcuba-heidelberg.de\/wp-content\/uploads\/2017\/03\/wandmalerei-300x203.jpg\" alt=\"\" width=\"300\" height=\"203\" srcset=\"https:\/\/www.soliconcuba-heidelberg.de\/wp-content\/uploads\/2017\/03\/wandmalerei-300x203.jpg 300w, https:\/\/www.soliconcuba-heidelberg.de\/wp-content\/uploads\/2017\/03\/wandmalerei.jpg 365w\" sizes=\"auto, (max-width: 300px) 100vw, 300px\" \/>Ein weiteres Projekt, ist die Unterst\u00fctzung der gr\u00f6\u00dften Fahrradfabrik Cubas, <\/span><\/span><a href=\"http:\/\/wp.soliconcuba-heidelberg.de\/?page_id=51\"><span style=\"font-family: helvetica;\"><span style=\"font-size: small;\"><b>Minerva Ciclos<\/b><\/span><\/span><\/a><span style=\"font-family: helvetica;\"><span style=\"font-size: small;\"> in Santa Clara. Wir schicken Geld an das cubanische Institut f\u00fcr V\u00f6lkerfreundschaft (ICAP), das damit bei Minerva Ciclos R\u00e4der f\u00fcr cubanische Arbeiter, f\u00fcr Krankenh\u00e4user und andere Institutionen erwirbt. Diese R\u00e4der erm\u00f6glichen es den Cubanern, trotz der noch immer angespannten Lage im Transportwesen die Blockade der USA und ihrer Verb\u00fcndeten sowie der Wegfall der Handelspartner Cubas nach dem Zusammenbruch der Osteurop\u00e4ischen Staaten haben bekanntlich zu massiven Brennstoffmangel gef\u00fchrt ihren Arbeitsplatz in einer vertretbaren Zeit zu erreichen.<\/span><\/span><\/p>\n<p>&nbsp;<\/p>\n<p align=\"CENTER\"><span style=\"font-family: helvetica;\"><span style=\"font-size: small;\"><b>Wie k\u00f6nnen Sie unsere Arbeit unterst\u00fctzen?<\/b><b> <\/b><\/span><\/span><\/p>\n<p>Entweder durch eine Geldspende an das Netzwerk Cuba e.V.::<\/p>\n<table width=\"80%\" cellspacing=\"2\" cellpadding=\"2\">\n<tbody>\n<tr>\n<td bgcolor=\"#969696\">\n<p align=\"CENTER\"><strong data-start=\"4614\" data-end=\"4636\">Netzwerk Cuba e.V.<\/strong><\/p>\n<p>Spendenkonto:<\/p>\n<p>IBAN: <strong data-start=\"4645\" data-end=\"4676\">DE28 4306 0967 1206 4415 00<\/strong><\/td>\n<\/tr>\n<\/tbody>\n<\/table>\n<p align=\"CENTER\"><span style=\"font-family: helvetica;\"><span style=\"font-size: xx-small;\">*Spenden sind steuerlich absetzbar. Auf Wunsch kann eine Spendenquittung ausgestellt werden.*<\/span><\/span><\/p>\n<p align=\"JUSTIFY\"><span style=\"font-family: helvetica;\"><span style=\"font-size: small;\">Oder durch die Besorgung von Medikamenten und medizinischem Verbrauchsmaterial.<\/span><\/span><\/p>\n<p>Muchos Saludos:<\/p>\n<p>&nbsp;<\/p>\n<table width=\"70%\" cellspacing=\"2\" cellpadding=\"2\">\n<tbody>\n<tr>\n<td bgcolor=\"#969696\">\n<p align=\"CENTER\"><span style=\"font-size: large;\"><b>Solidaridad con Cuba Heidelberg<\/b><\/span><\/p>\n<p>Im Eine-Welt-Zentrum \/ Welthaus<br \/>\nKurf\u00fcrstenanlage 25<\/p>\n<p>69115 Heidelberg<\/p>\n<p><a href=\"mailto:soliconcuba-heidelberg@gmx.de\"><span style=\"font-size: small;\"><i>E-Mail: soliconcuba-heidelberg@gmx.de<\/i><\/span><\/a><\/td>\n<\/tr>\n<\/tbody>\n<\/table>\n<p>&nbsp;<\/p>\n","protected":false},"excerpt":{"rendered":"<p>Cuba hat viele Freunde in der Welt, vor allem in Mittel- und S\u00fcdamerika,wo die arme Bev\u00f6lkerung gezwungen ist, ihre eigenen Erfahrungen mit der freien Marktwirtschaft zu machen. Doch auch in Deutschland haben sich zahlreiche Initiativen der Solidarit\u00e4t mit Cuba gebildet. Eine davon ist die Solidaridad con Cuba Heidelberg\u00a0die sich bem\u00fcht, Unterst\u00fctzung f\u00fcr Cuba zu organisieren, &hellip; <\/p>\n<p class=\"link-more\"><a href=\"https:\/\/www.soliconcuba-heidelberg.de\/?page_id=24\" class=\"more-link\"><span class=\"screen-reader-text\">\u201eSolidaridad con CUBA Heidelberg\u201c<\/span> weiterlesen<\/a><\/p>\n","protected":false},"author":1,"featured_media":0,"parent":0,"menu_order":0,"comment_status":"closed","ping_status":"closed","template":"","meta":{"inline_featured_image":false,"footnotes":""},"class_list":["post-24","page","type-page","status-publish","hentry"],"_links":{"self":[{"href":"https:\/\/www.soliconcuba-heidelberg.de\/index.php?rest_route=\/wp\/v2\/pages\/24","targetHints":{"allow":["GET"]}}],"collection":[{"href":"https:\/\/www.soliconcuba-heidelberg.de\/index.php?rest_route=\/wp\/v2\/pages"}],"about":[{"href":"https:\/\/www.soliconcuba-heidelberg.de\/index.php?rest_route=\/wp\/v2\/types\/page"}],"author":[{"embeddable":true,"href":"https:\/\/www.soliconcuba-heidelberg.de\/index.php?rest_route=\/wp\/v2\/users\/1"}],"replies":[{"embeddable":true,"href":"https:\/\/www.soliconcuba-heidelberg.de\/index.php?rest_route=%2Fwp%2Fv2%2Fcomments&post=24"}],"version-history":[{"count":9,"href":"https:\/\/www.soliconcuba-heidelberg.de\/index.php?rest_route=\/wp\/v2\/pages\/24\/revisions"}],"predecessor-version":[{"id":370,"href":"https:\/\/www.soliconcuba-heidelberg.de\/index.php?rest_route=\/wp\/v2\/pages\/24\/revisions\/370"}],"wp:attachment":[{"href":"https:\/\/www.soliconcuba-heidelberg.de\/index.php?rest_route=%2Fwp%2Fv2%2Fmedia&parent=24"}],"curies":[{"name":"wp","href":"https:\/\/api.w.org\/{rel}","templated":true}]}}