{"id":16,"date":"2017-03-13T17:30:29","date_gmt":"2017-03-13T16:30:29","guid":{"rendered":"http:\/\/wp.soliconcuba-heidelberg.de\/?page_id=16"},"modified":"2025-10-09T17:05:06","modified_gmt":"2025-10-09T16:05:06","slug":"pedro-borras-astorga","status":"publish","type":"page","link":"http:\/\/www.soliconcuba-heidelberg.de\/?page_id=16","title":{"rendered":"PEDRO BORR\u00c1S ASTORGA"},"content":{"rendered":"<p align=\"JUSTIFY\"><span style=\"font-size: small;\">Wie bekannt hat Cuba durch die Blockadepolitik der USA und ihrer Verb\u00fcndeten sowie durch den Wegfall seiner Handelspartner in der Sowjetunion und in Osteuropa massive \u00f6konomische Probleme, die sich auch auf das Gesundheitswesen auswirken.<\/span><\/p>\n<p align=\"JUSTIFY\"><span style=\"font-size: small;\"><br \/>\nTrotz der schwierigen Versorgungslage hat Cuba sich bem\u00fcht, die Errungenschaften seiner Revolution, wie zum Beispiel die fl\u00e4chendeckende Versorgung der \u00c4rzte oder eine kostenlose Behandlung aller Cubaner, weiter aufrecht zu erhalten.<\/span><\/p>\n<p align=\"JUSTIFY\"><span style=\"font-size: small;\">Das Krankenhaus PEDRO BORR\u00c1S ASTORGA wurde 1935 gegr\u00fcndet. Es tr\u00e4gt heute den Namen <b>HOSPITAL PEDI\u00c1TRICO UNIVERSITARIO PEDRO BORR\u00c1S ASTORGA<\/b>, benannt nach dem Medizinstudenten Pedro Borr\u00e1s Astorga, der 1961 bei dem von der CIA geplanten Angriff an der Playa Gir\u00f3n (der Schweinebucht- Invasion) im Kampf get\u00f6tet wurde.<\/span><\/p>\n<p align=\"JUSTIFY\"><span style=\"font-size: small;\">Es war das erste reine Kinderkrankenhaus des Landes und ganz Lateinamerikas. Zu Beginn war es f\u00fcr die Ausbildung aller medizinischen Berufe und deren Fachgebiete verantwortlich. Im Moment wird der gesamte Bereich der Aufnahme renoviert. Es wird ein 5-st\u00f6ckiges Geb\u00e4ude gebaut, in dem sich ganz oben das Labor befindet und in den \u00fcbrigen Etagen der Verwaltungsbereich, die Ambulanz und die Notaufnahme.<\/span><\/p>\n<p align=\"JUSTIFY\"><span style=\"font-size: small;\">Bei der Aufgabe des alten Geb\u00e4ude hatte man 325 Betten. Im neuen Geb\u00e4ude soll der Komfort f\u00fcr die Patienten verbessert werden und es gibt nur noch 210 Betten. Zur Zeit sind 394 Mitarbeiter\u00a0und 99 \u00c4rzte der verschiedensten Fachgebiete in dem Krankenhaus besch\u00e4ftigt.<\/span><\/p>\n<p align=\"JUSTIFY\"><span style=\"font-size: small;\"><b>Insgesamt gibt es 36 Abteilungen, u.a.:<\/b><\/span><\/p>\n<ul>\n<li><span style=\"font-size: small;\">Neurologieklinik<\/span><\/li>\n<li><span style=\"font-size: small;\">Sterilisierung<\/span><\/li>\n<li><span style=\"font-size: small;\">Elektromedizin<\/span><\/li>\n<li><span style=\"font-size: small;\">plastische Chirurgie f\u00fcr Wiederherstellung und Verbrennung<\/span><\/li>\n<li><span style=\"font-size: small;\">Notaufnahme<\/span><\/li>\n<li><span style=\"font-size: small;\">Orthop\u00e4die<\/span><\/li>\n<li><span style=\"font-size: small;\">H\u00e4matologieklinik und Labor<\/span><\/li>\n<li><span style=\"font-size: small;\">klinisches Labor und Mikrobiologie<\/span><\/li>\n<li><span style=\"font-size: small;\">Logop\u00e4die<\/span><\/li>\n<li><span style=\"font-size: small;\">Phoniatrie<\/span><\/li>\n<li><span style=\"font-size: small;\">Hals-Nasen-Ohren Klinik<\/span><\/li>\n<li><span style=\"font-size: small;\">Physische Medizin und Rehabilitation<\/span><\/li>\n<li><span style=\"font-size: small;\">Allergilogie<\/span><\/li>\n<li><span style=\"font-size: small;\">Kardiologie<\/span><\/li>\n<li><span style=\"font-size: small;\">Augenklinik<\/span><\/li>\n<li><span style=\"font-size: small;\">Neurop\u00e4diatrie<\/span><\/li>\n<li><span style=\"font-size: small;\">allgem. Chirurgie<\/span><\/li>\n<li><span style=\"font-size: small;\">Urologie<\/span><\/li>\n<li><span style=\"font-size: small;\">Kieferorthop\u00e4die<\/span><\/li>\n<li><span style=\"font-size: small;\">Parasitologie<\/span><\/li>\n<li><span style=\"font-size: small;\">Immunologie<\/span><\/li>\n<li><span style=\"font-size: small;\">Gyn\u00e4kologie<\/span><\/li>\n<li><span style=\"font-size: small;\">Hom\u00f6opathische Medizin<\/span><\/li>\n<li><span style=\"font-size: small;\">P\u00e4diatrie, Rheumatologie<\/span><\/li>\n<li><span style=\"font-size: small;\">Dermatologie und Audiologie etc.<\/span><\/li>\n<\/ul>\n<p align=\"JUSTIFY\"><span style=\"font-size: small;\">Die Kinderklinik <b>Pedro Borr\u00e1s<\/b> braucht unsere Unterst\u00fctzung! Wir sammeln Geldspenden f\u00fcr den Kauf wichtiger Medikamente oder medizinischer Instrumente in Deutschland. Au\u00dferdem sammeln wir medizinisches Verbrauchsmaterial, Instrumente, Medikamente und Spielsachen f\u00fcr die cubanischen Kinder; die Spenden werden an die Klinik Pedro Borras in Havanna geschickt.<\/span><\/p>\n<p align=\"JUSTIFY\"><span style=\"font-size: small;\">Zur Zeit ist die Klinik in einem gro\u00dfen Umbau begriffen. Mit Hilfe spanischer Solidarit\u00e4tsgruppen werden neue Geb\u00e4ude f\u00fcr die Kinderklinik medizinisch eingerichtet. Wir unterst\u00fctzen diese Ma\u00dfnahmen. Dabei sind wir auf Eure Spenden angewiesen. Willkommen sind auch Dauerspenden (kleinere Betr\u00e4ge, aber regelm\u00e4\u00dfig \u00fcber eine l\u00e4ngere Zeitspanne hinweg), damit wir kontinuierlich unseren Beitrag zur Unterst\u00fctzung des cubanischen Gesundheitswesens leisten k\u00f6nnen.<\/span><\/p>\n<p align=\"CENTER\"><em><span style=\"font-size: x-large;\"><b>Solidarit\u00e4t ist die Z\u00e4rtlichkeit der V\u00f6lker!<\/b><\/span><\/em><\/p>\n","protected":false},"excerpt":{"rendered":"<p>Wie bekannt hat Cuba durch die Blockadepolitik der USA und ihrer Verb\u00fcndeten sowie durch den Wegfall seiner Handelspartner in der Sowjetunion und in Osteuropa massive \u00f6konomische Probleme, die sich auch auf das Gesundheitswesen auswirken. Trotz der schwierigen Versorgungslage hat Cuba sich bem\u00fcht, die Errungenschaften seiner Revolution, wie zum Beispiel die fl\u00e4chendeckende Versorgung der \u00c4rzte oder &hellip; <\/p>\n<p class=\"link-more\"><a href=\"http:\/\/www.soliconcuba-heidelberg.de\/?page_id=16\" class=\"more-link\"><span class=\"screen-reader-text\">\u201ePEDRO BORR\u00c1S ASTORGA\u201c<\/span> weiterlesen<\/a><\/p>\n","protected":false},"author":1,"featured_media":0,"parent":0,"menu_order":0,"comment_status":"closed","ping_status":"closed","template":"","meta":{"inline_featured_image":false,"footnotes":""},"class_list":["post-16","page","type-page","status-publish","hentry"],"_links":{"self":[{"href":"http:\/\/www.soliconcuba-heidelberg.de\/index.php?rest_route=\/wp\/v2\/pages\/16","targetHints":{"allow":["GET"]}}],"collection":[{"href":"http:\/\/www.soliconcuba-heidelberg.de\/index.php?rest_route=\/wp\/v2\/pages"}],"about":[{"href":"http:\/\/www.soliconcuba-heidelberg.de\/index.php?rest_route=\/wp\/v2\/types\/page"}],"author":[{"embeddable":true,"href":"http:\/\/www.soliconcuba-heidelberg.de\/index.php?rest_route=\/wp\/v2\/users\/1"}],"replies":[{"embeddable":true,"href":"http:\/\/www.soliconcuba-heidelberg.de\/index.php?rest_route=%2Fwp%2Fv2%2Fcomments&post=16"}],"version-history":[{"count":4,"href":"http:\/\/www.soliconcuba-heidelberg.de\/index.php?rest_route=\/wp\/v2\/pages\/16\/revisions"}],"predecessor-version":[{"id":371,"href":"http:\/\/www.soliconcuba-heidelberg.de\/index.php?rest_route=\/wp\/v2\/pages\/16\/revisions\/371"}],"wp:attachment":[{"href":"http:\/\/www.soliconcuba-heidelberg.de\/index.php?rest_route=%2Fwp%2Fv2%2Fmedia&parent=16"}],"curies":[{"name":"wp","href":"https:\/\/api.w.org\/{rel}","templated":true}]}}